{"id":159,"date":"2021-10-28T11:29:38","date_gmt":"2021-10-28T14:29:38","guid":{"rendered":"http:\/\/wordpress.ibrame.com.br\/?page_id=159"},"modified":"2022-12-06T18:51:35","modified_gmt":"2022-12-06T21:51:35","slug":"site-em-construcao","status":"publish","type":"page","link":"https:\/\/ibrame.com.br\/es\/site-em-construcao\/","title":{"rendered":"Site em constru\u00e7\u00e3o"},"content":{"rendered":"<div data-elementor-type=\"wp-page\" data-elementor-id=\"159\" class=\"elementor elementor-159\" data-elementor-post-type=\"page\">\n\t\t\t\t<div class=\"elementor-element elementor-element-ee24ffa e-flex e-con-boxed e-con e-parent\" data-id=\"ee24ffa\" data-element_type=\"container\" data-settings=\"{&quot;background_background&quot;:&quot;classic&quot;,&quot;jet_parallax_layout_list&quot;:[]}\">\n\t\t\t\t\t<div class=\"e-con-inner\">\n\t\t<div class=\"elementor-element elementor-element-a35a804 e-con-full e-flex e-con e-child\" data-id=\"a35a804\" data-element_type=\"container\" data-settings=\"{&quot;background_background&quot;:&quot;classic&quot;,&quot;jet_parallax_layout_list&quot;:[]}\">\n\t\t\t\t<\/div>\n\t\t<div class=\"elementor-element elementor-element-6175b39 e-con-full e-flex e-con e-child\" data-id=\"6175b39\" data-element_type=\"container\" data-settings=\"{&quot;jet_parallax_layout_list&quot;:[]}\">\n\t\t\t\t<div class=\"elementor-element elementor-element-dc2ef0a elementor-widget elementor-widget-heading\" data-id=\"dc2ef0a\" data-element_type=\"widget\" data-widget_type=\"heading.default\">\n\t\t\t\t<div class=\"elementor-widget-container\">\n\t\t\t<h2 class=\"elementor-heading-title elementor-size-default\">Site em constru\u00e7\u00e3o<\/h2>\t\t<\/div>\n\t\t\t\t<\/div>\n\t\t\t\t<div class=\"elementor-element elementor-element-42f861f elementor-widget elementor-widget-image\" data-id=\"42f861f\" data-element_type=\"widget\" data-widget_type=\"image.default\">\n\t\t\t\t<div class=\"elementor-widget-container\">\n\t\t\t\t\t\t\t\t\t\t\t\t\t<img fetchpriority=\"high\" decoding=\"async\" width=\"500\" height=\"589\" src=\"https:\/\/ibrame.com.br\/wp-content\/uploads\/2022\/10\/industria-de-metais-\u2013-ibrame-55.png\" class=\"attachment-full size-full wp-image-385\" alt=\"Logo Ibrame cor\" srcset=\"https:\/\/ibrame.com.br\/wp-content\/uploads\/2022\/10\/industria-de-metais-\u2013-ibrame-55.png 500w, https:\/\/ibrame.com.br\/wp-content\/uploads\/2022\/10\/industria-de-metais-\u2013-ibrame-55-255x300.png 255w, https:\/\/ibrame.com.br\/wp-content\/uploads\/2022\/10\/industria-de-metais-\u2013-ibrame-55-10x12.png 10w\" sizes=\"(max-width: 500px) 100vw, 500px\" \/>\t\t\t\t\t\t\t\t\t\t\t\t\t<\/div>\n\t\t\t\t<\/div>\n\t\t\t\t<div class=\"elementor-element elementor-element-8701188 elementor-widget elementor-widget-heading\" data-id=\"8701188\" data-element_type=\"widget\" data-widget_type=\"heading.default\">\n\t\t\t\t<div class=\"elementor-widget-container\">\n\t\t\t<h2 class=\"elementor-heading-title elementor-size-default\">contato@grupoibrame.com.br<\/h2>\t\t<\/div>\n\t\t\t\t<\/div>\n\t\t\t\t<\/div>\n\t\t<div class=\"elementor-element elementor-element-554e4a0 e-con-full e-flex e-con e-child\" data-id=\"554e4a0\" data-element_type=\"container\" data-settings=\"{&quot;sticky&quot;:&quot;bottom&quot;,&quot;jet_parallax_layout_list&quot;:[],&quot;sticky_on&quot;:[&quot;desktop&quot;,&quot;tablet&quot;,&quot;mobile&quot;],&quot;sticky_offset&quot;:0,&quot;sticky_effects_offset&quot;:0}\">\n\t\t<div class=\"elementor-element elementor-element-84f6a6f e-con-full e-flex e-con e-child\" data-id=\"84f6a6f\" data-element_type=\"container\" data-settings=\"{&quot;jet_parallax_layout_list&quot;:[]}\">\n\t\t\t\t<div class=\"elementor-element elementor-element-ccec963 elementor-widget elementor-widget-heading\" data-id=\"ccec963\" data-element_type=\"widget\" data-widget_type=\"heading.default\">\n\t\t\t\t<div class=\"elementor-widget-container\">\n\t\t\t<h2 class=\"elementor-heading-title elementor-size-default\"><a href=\"https:\/\/upsites.digital\/\" target=\"_blank\">Cria\u00e7\u00e3o de site por UpSites<\/a><\/h2>\t\t<\/div>\n\t\t\t\t<\/div>\n\t\t\t\t<\/div>\n\t\t\t\t<\/div>\n\t\t<div class=\"elementor-element elementor-element-555de98 e-con-full e-flex e-con e-child\" data-id=\"555de98\" data-element_type=\"container\" data-settings=\"{&quot;background_background&quot;:&quot;classic&quot;,&quot;jet_parallax_layout_list&quot;:[]}\">\n\t\t\t\t<\/div>\n\t\t\t\t\t<\/div>\n\t\t\t\t<\/div>\n\t\t\t\t<\/div>","protected":false},"excerpt":{"rendered":"<p>Site em constru\u00e7\u00e3o contato@grupoibrame.com.br Cria\u00e7\u00e3o de site por UpSites<\/p>","protected":false},"author":2,"featured_media":0,"parent":0,"menu_order":0,"comment_status":"closed","ping_status":"closed","template":"elementor_canvas","meta":{"footnotes":""},"yoast_head":"<!-- This site is optimized with the Yoast SEO plugin v22.8 - https:\/\/yoast.com\/wordpress\/plugins\/seo\/ -->\n<title>Site em constru\u00e7\u00e3o | IBRAME<\/title>\n<meta name=\"robots\" content=\"index, follow, max-snippet:-1, max-image-preview:large, max-video-preview:-1\" \/>\n<link rel=\"canonical\" href=\"https:\/\/ibrame.com.br\/es\/site-em-construcao\/\" \/>\n<meta property=\"og:locale\" content=\"es_ES\" \/>\n<meta property=\"og:type\" content=\"article\" \/>\n<meta property=\"og:title\" content=\"Site em constru\u00e7\u00e3o | IBRAME\" \/>\n<meta property=\"og:description\" content=\"Site em constru\u00e7\u00e3o contato@grupoibrame.com.br Cria\u00e7\u00e3o de site por UpSites\" \/>\n<meta property=\"og:url\" content=\"https:\/\/ibrame.com.br\/es\/site-em-construcao\/\" \/>\n<meta property=\"og:site_name\" content=\"IBRAME\" \/>\n<meta property=\"article:modified_time\" content=\"2022-12-06T21:51:35+00:00\" \/>\n<meta property=\"og:image\" content=\"http:\/\/wordpress.ibrame.com.br\/wp-content\/uploads\/2022\/10\/Logo-Ibrame-cor.png\" \/>\n<meta name=\"twitter:card\" content=\"summary_large_image\" \/>\n<meta name=\"twitter:label1\" content=\"Tiempo de lectura\" \/>\n\t<meta name=\"twitter:data1\" content=\"1 minuto\" \/>\n<script type=\"application\/ld+json\" class=\"yoast-schema-graph\">{\"@context\":\"https:\/\/schema.org\",\"@graph\":[{\"@type\":\"WebPage\",\"@id\":\"https:\/\/ibrame.com.br\/en\/site-em-construcao\/\",\"url\":\"https:\/\/ibrame.com.br\/en\/site-em-construcao\/\",\"name\":\"Site em constru\u00e7\u00e3o | IBRAME\",\"isPartOf\":{\"@id\":\"https:\/\/ibrame.com.br\/#website\"},\"primaryImageOfPage\":{\"@id\":\"https:\/\/ibrame.com.br\/en\/site-em-construcao\/#primaryimage\"},\"image\":{\"@id\":\"https:\/\/ibrame.com.br\/en\/site-em-construcao\/#primaryimage\"},\"thumbnailUrl\":\"http:\/\/wordpress.ibrame.com.br\/wp-content\/uploads\/2022\/10\/Logo-Ibrame-cor.png\",\"datePublished\":\"2021-10-28T14:29:38+00:00\",\"dateModified\":\"2022-12-06T21:51:35+00:00\",\"inLanguage\":\"es\",\"potentialAction\":[{\"@type\":\"ReadAction\",\"target\":[\"https:\/\/ibrame.com.br\/en\/site-em-construcao\/\"]}]},{\"@type\":\"ImageObject\",\"inLanguage\":\"es\",\"@id\":\"https:\/\/ibrame.com.br\/en\/site-em-construcao\/#primaryimage\",\"url\":\"http:\/\/wordpress.ibrame.com.br\/wp-content\/uploads\/2022\/10\/Logo-Ibrame-cor.png\",\"contentUrl\":\"http:\/\/wordpress.ibrame.com.br\/wp-content\/uploads\/2022\/10\/Logo-Ibrame-cor.png\"},{\"@type\":\"WebSite\",\"@id\":\"https:\/\/ibrame.com.br\/#website\",\"url\":\"https:\/\/ibrame.com.br\/\",\"name\":\"IBRAME\",\"description\":\"Ind\u00fastria 100% nacional, a Ibrame fabrica e comercializa ampla gama de produtos em cobre e alum\u00ednio.\",\"publisher\":{\"@id\":\"https:\/\/ibrame.com.br\/#organization\"},\"potentialAction\":[{\"@type\":\"SearchAction\",\"target\":{\"@type\":\"EntryPoint\",\"urlTemplate\":\"https:\/\/ibrame.com.br\/?s={search_term_string}\"},\"query-input\":\"required name=search_term_string\"}],\"inLanguage\":\"es\"},{\"@type\":\"Organization\",\"@id\":\"https:\/\/ibrame.com.br\/#organization\",\"name\":\"IBRAME\",\"url\":\"https:\/\/ibrame.com.br\/\",\"logo\":{\"@type\":\"ImageObject\",\"inLanguage\":\"es\",\"@id\":\"https:\/\/ibrame.com.br\/#\/schema\/logo\/image\/\",\"url\":\"https:\/\/ibrame.com.br\/wp-content\/uploads\/2018\/09\/industria-de-metais-ibrame-23.png\",\"contentUrl\":\"https:\/\/ibrame.com.br\/wp-content\/uploads\/2018\/09\/industria-de-metais-ibrame-23.png\",\"width\":600,\"height\":707,\"caption\":\"IBRAME\"},\"image\":{\"@id\":\"https:\/\/ibrame.com.br\/#\/schema\/logo\/image\/\"}}]}<\/script>\n<!-- \/ Yoast SEO plugin. -->","yoast_head_json":{"title":"Site em constru\u00e7\u00e3o | IBRAME","robots":{"index":"index","follow":"follow","max-snippet":"max-snippet:-1","max-image-preview":"max-image-preview:large","max-video-preview":"max-video-preview:-1"},"canonical":"https:\/\/ibrame.com.br\/es\/site-em-construcao\/","og_locale":"es_ES","og_type":"article","og_title":"Site em constru\u00e7\u00e3o | IBRAME","og_description":"Site em constru\u00e7\u00e3o contato@grupoibrame.com.br Cria\u00e7\u00e3o de site por UpSites","og_url":"https:\/\/ibrame.com.br\/es\/site-em-construcao\/","og_site_name":"IBRAME","article_modified_time":"2022-12-06T21:51:35+00:00","og_image":[{"url":"http:\/\/wordpress.ibrame.com.br\/wp-content\/uploads\/2022\/10\/Logo-Ibrame-cor.png"}],"twitter_card":"summary_large_image","twitter_misc":{"Tiempo de lectura":"1 minuto"},"schema":{"@context":"https:\/\/schema.org","@graph":[{"@type":"WebPage","@id":"https:\/\/ibrame.com.br\/en\/site-em-construcao\/","url":"https:\/\/ibrame.com.br\/en\/site-em-construcao\/","name":"Site em constru\u00e7\u00e3o | IBRAME","isPartOf":{"@id":"https:\/\/ibrame.com.br\/#website"},"primaryImageOfPage":{"@id":"https:\/\/ibrame.com.br\/en\/site-em-construcao\/#primaryimage"},"image":{"@id":"https:\/\/ibrame.com.br\/en\/site-em-construcao\/#primaryimage"},"thumbnailUrl":"http:\/\/wordpress.ibrame.com.br\/wp-content\/uploads\/2022\/10\/Logo-Ibrame-cor.png","datePublished":"2021-10-28T14:29:38+00:00","dateModified":"2022-12-06T21:51:35+00:00","inLanguage":"es","potentialAction":[{"@type":"ReadAction","target":["https:\/\/ibrame.com.br\/en\/site-em-construcao\/"]}]},{"@type":"ImageObject","inLanguage":"es","@id":"https:\/\/ibrame.com.br\/en\/site-em-construcao\/#primaryimage","url":"http:\/\/wordpress.ibrame.com.br\/wp-content\/uploads\/2022\/10\/Logo-Ibrame-cor.png","contentUrl":"http:\/\/wordpress.ibrame.com.br\/wp-content\/uploads\/2022\/10\/Logo-Ibrame-cor.png"},{"@type":"WebSite","@id":"https:\/\/ibrame.com.br\/#website","url":"https:\/\/ibrame.com.br\/","name":"IBRAME","description":"Ind\u00fastria 100% nacional, a Ibrame fabrica e comercializa ampla gama de produtos em cobre e alum\u00ednio.","publisher":{"@id":"https:\/\/ibrame.com.br\/#organization"},"potentialAction":[{"@type":"SearchAction","target":{"@type":"EntryPoint","urlTemplate":"https:\/\/ibrame.com.br\/?s={search_term_string}"},"query-input":"required name=search_term_string"}],"inLanguage":"es"},{"@type":"Organization","@id":"https:\/\/ibrame.com.br\/#organization","name":"IBRAME","url":"https:\/\/ibrame.com.br\/","logo":{"@type":"ImageObject","inLanguage":"es","@id":"https:\/\/ibrame.com.br\/#\/schema\/logo\/image\/","url":"https:\/\/ibrame.com.br\/wp-content\/uploads\/2018\/09\/industria-de-metais-ibrame-23.png","contentUrl":"https:\/\/ibrame.com.br\/wp-content\/uploads\/2018\/09\/industria-de-metais-ibrame-23.png","width":600,"height":707,"caption":"IBRAME"},"image":{"@id":"https:\/\/ibrame.com.br\/#\/schema\/logo\/image\/"}}]}},"_links":{"self":[{"href":"https:\/\/ibrame.com.br\/es\/wp-json\/wp\/v2\/pages\/159"}],"collection":[{"href":"https:\/\/ibrame.com.br\/es\/wp-json\/wp\/v2\/pages"}],"about":[{"href":"https:\/\/ibrame.com.br\/es\/wp-json\/wp\/v2\/types\/page"}],"author":[{"embeddable":true,"href":"https:\/\/ibrame.com.br\/es\/wp-json\/wp\/v2\/users\/2"}],"replies":[{"embeddable":true,"href":"https:\/\/ibrame.com.br\/es\/wp-json\/wp\/v2\/comments?post=159"}],"version-history":[{"count":0,"href":"https:\/\/ibrame.com.br\/es\/wp-json\/wp\/v2\/pages\/159\/revisions"}],"wp:attachment":[{"href":"https:\/\/ibrame.com.br\/es\/wp-json\/wp\/v2\/media?parent=159"}],"curies":[{"name":"wp","href":"https:\/\/api.w.org\/{rel}","templated":true}]}}